{"id":33,"date":"2026-03-15T17:39:52","date_gmt":"2026-03-15T17:39:52","guid":{"rendered":"https:\/\/optero.at\/?page_id=33"},"modified":"2026-03-17T12:46:20","modified_gmt":"2026-03-17T12:46:20","slug":"kontaktoptero","status":"publish","type":"page","link":"https:\/\/optero.at\/?page_id=33","title":{"rendered":"Kontakt@Optero"},"content":{"rendered":"\n<section class=\"optero-contact-page\">\n\n  <div class=\"optero-contact-hero\">\n    <span class=\"optero-contact-kicker\">Kontakt &#038; Beratung<\/span>\n    <h1>Wir freuen uns auf Ihre Anfrage<\/h1>\n    <p>\n      Sie haben Fragen zu unseren Leistungen, Produkten oder m\u00f6chten eine pers\u00f6nliche Beratung vereinbaren?\n      Dann kontaktieren Sie uns direkt oder nutzen Sie unser Formular. Wir melden uns so rasch wie m\u00f6glich bei Ihnen zur\u00fcck.\n    <\/p>\n  <\/div>\n\n  <!-- INFO-KARTEN OBEN -->\n  <div class=\"optero-contact-topcards\">\n\n    <div class=\"optero-contact-card\">\n      <h2>Direkter Kontakt<\/h2>\n      <div class=\"optero-contact-line\"><\/div>\n\n      <p><strong>OPTERO Vertriebs- und Bauelemente GmbH<\/strong><br>\n      Thaliastra\u00dfe 128<br>\n      A-1160 Wien, \u00d6sterreich<\/p>\n\n      <p>\n        <strong>Telefon<\/strong><br>\n        <a href=\"tel:+4314855968\">01 \/ 485 59 68<\/a>\n      <\/p>\n\n      <p>\n        <strong>E-Mail<\/strong><br>\n        <a href=\"mailto:office@optero.at\">office@optero.at<\/a>\n      <\/p>\n\n      <p>\n        <strong>Website<\/strong><br>\n        <a href=\"https:\/\/www.optero.at\" target=\"_blank\" rel=\"noopener noreferrer\">www.optero.at<\/a>\n      <\/p>\n    <\/div>\n\n    <div class=\"optero-contact-card optero-contact-highlight\">\n      <h2>Pers\u00f6nliche Beratung<\/h2>\n      <div class=\"optero-contact-line\"><\/div>\n\n      <p>\n        Gerne beraten wir Sie pers\u00f6nlich zu Fenstern, T\u00fcren und Sonnenschutz in Wien,\n        Nieder\u00f6sterreich und dem Burgenland.\n      <\/p>\n\n      <p>\n        Vereinbaren Sie einfach eine unverbindliche Anfrage \u2013 wir unterst\u00fctzen Sie\n        kompetent und zuverl\u00e4ssig bei Ihrem Vorhaben.\n      <\/p>\n    <\/div>\n\n  <\/div>\n\n  <!-- FORMULAR UNTEN -->\n  <div class=\"optero-contact-form-box\">\n    <h2>Kontaktformular<\/h2>\n    <p class=\"optero-contact-form-intro\">\n      Nutzen Sie unser Kontaktformular f\u00fcr Ihre Anfrage. Bitte beachten Sie unsere Datenschutzerkl\u00e4rung.\n    <\/p>\n\n    \n<div class=\"wpcf7 no-js\" id=\"wpcf7-f32-o1\" lang=\"de-DE\" dir=\"ltr\" data-wpcf7-id=\"32\">\n<div class=\"screen-reader-response\"><p role=\"status\" aria-live=\"polite\" aria-atomic=\"true\"><\/p> <ul><\/ul><\/div>\n<form action=\"\/index.php?rest_route=%2Fwp%2Fv2%2Fpages%2F33#wpcf7-f32-o1\" method=\"post\" class=\"wpcf7-form init\" aria-label=\"Kontaktformular\" novalidate=\"novalidate\" data-status=\"init\">\n<fieldset class=\"hidden-fields-container\"><input type=\"hidden\" name=\"_wpcf7\" value=\"32\" \/><input type=\"hidden\" name=\"_wpcf7_version\" value=\"6.1.5\" \/><input type=\"hidden\" name=\"_wpcf7_locale\" value=\"de_DE\" \/><input type=\"hidden\" name=\"_wpcf7_unit_tag\" value=\"wpcf7-f32-o1\" \/><input type=\"hidden\" name=\"_wpcf7_container_post\" value=\"0\" \/><input type=\"hidden\" name=\"_wpcf7_posted_data_hash\" value=\"\" \/>\n<\/fieldset>\n<p>Wenn Sie Fragen zu unseren Leistungen und Angeboten haben, k\u00f6nnen Sie das folgende Formular nutzen. Wir werden uns umgehend bei Ihnen melden.\n<\/p>\n<h3>Ihre Kontaktdaten\n<\/h3>\n<p><label>Anrede<br \/>\n<span class=\"wpcf7-form-control-wrap\" data-name=\"your-salutation\"><select class=\"wpcf7-form-control wpcf7-select\" aria-invalid=\"false\" name=\"your-salutation\"><option value=\"Frau\">Frau<\/option><option value=\"Herr\">Herr<\/option><option value=\"Divers\">Divers<\/option><\/select><\/span><br \/>\n<\/label>\n<\/p>\n<p><label>Ihr Vor- und Zuname*<br \/>\n<span class=\"wpcf7-form-control-wrap\" data-name=\"your-name\"><input size=\"40\" maxlength=\"400\" class=\"wpcf7-form-control wpcf7-text wpcf7-validates-as-required\" autocomplete=\"name\" aria-required=\"true\" aria-invalid=\"false\" placeholder=\"Ihr Vor- und Zuname\" value=\"\" type=\"text\" name=\"your-name\" \/><\/span><br \/>\n<\/label>\n<\/p>\n<p><label>Firma<br \/>\n<span class=\"wpcf7-form-control-wrap\" data-name=\"your-company\"><input size=\"40\" maxlength=\"400\" class=\"wpcf7-form-control wpcf7-text\" aria-invalid=\"false\" placeholder=\"Ihre Firma\" value=\"\" type=\"text\" name=\"your-company\" \/><\/span><br \/>\n<\/label>\n<\/p>\n<p><label>Anschrift*<br \/>\n<span class=\"wpcf7-form-control-wrap\" data-name=\"your-address\"><input size=\"40\" maxlength=\"400\" class=\"wpcf7-form-control wpcf7-text wpcf7-validates-as-required\" aria-required=\"true\" aria-invalid=\"false\" placeholder=\"Ihre Anschrift\" value=\"\" type=\"text\" name=\"your-address\" \/><\/span><br \/>\n<\/label>\n<\/p>\n<p><label>Telefon \/ Mobilnummer*<br \/>\n<span class=\"wpcf7-form-control-wrap\" data-name=\"your-phone\"><input size=\"40\" maxlength=\"400\" class=\"wpcf7-form-control wpcf7-tel wpcf7-validates-as-required wpcf7-text wpcf7-validates-as-tel\" aria-required=\"true\" aria-invalid=\"false\" placeholder=\"Ihre Telefonnummer\" value=\"\" type=\"tel\" name=\"your-phone\" \/><\/span><br \/>\n<\/label>\n<\/p>\n<p><label>E-Mail*<br \/>\n<span class=\"wpcf7-form-control-wrap\" data-name=\"your-email\"><input size=\"40\" maxlength=\"400\" class=\"wpcf7-form-control wpcf7-email wpcf7-validates-as-required wpcf7-text wpcf7-validates-as-email\" autocomplete=\"email\" aria-required=\"true\" aria-invalid=\"false\" placeholder=\"Ihre E-Mail-Adresse\" value=\"\" type=\"email\" name=\"your-email\" \/><\/span><br \/>\n<\/label>\n<\/p>\n<p><label>Betreff<br \/>\n<span class=\"wpcf7-form-control-wrap\" data-name=\"your-subject\"><input size=\"40\" maxlength=\"400\" class=\"wpcf7-form-control wpcf7-text\" aria-invalid=\"false\" placeholder=\"Betreff\" value=\"\" type=\"text\" name=\"your-subject\" \/><\/span><br \/>\n<\/label>\n<\/p>\n<p><label>Ihre Mitteilung*<br \/>\n<span class=\"wpcf7-form-control-wrap\" data-name=\"your-message\"><textarea cols=\"40\" rows=\"10\" maxlength=\"2000\" class=\"wpcf7-form-control wpcf7-textarea wpcf7-validates-as-required\" aria-required=\"true\" aria-invalid=\"false\" placeholder=\"Was wollen Sie uns sagen?\" name=\"your-message\"><\/textarea><\/span><br \/>\n<\/label>\n<\/p>\n<p><label>R\u00fcckruf erw\u00fcnscht?<br \/>\n<span class=\"wpcf7-form-control-wrap\" data-name=\"your-callback\"><span class=\"wpcf7-form-control wpcf7-checkbox\"><span class=\"wpcf7-list-item first last\"><label><input type=\"checkbox\" name=\"your-callback[]\" value=\"Ja, bitte rufen Sie mich zur\u00fcck\" \/><span class=\"wpcf7-list-item-label\">Ja, bitte rufen Sie mich zur\u00fcck<\/span><\/label><\/span><\/span><\/span><br \/>\n<\/label>\n<\/p>\n<p><label class=\"optero-ds-check\"> Datenschutzhinweis:<br \/>\n<span class=\"wpcf7-form-control-wrap\" data-name=\"privacy-consent\"><span class=\"wpcf7-form-control wpcf7-checkbox wpcf7-validates-as-required\"><span class=\"wpcf7-list-item first last\"><label><input type=\"checkbox\" name=\"privacy-consent[]\" value=\"Ich habe die Datenschutzerkl\u00e4rung gelesen und stimme der Verarbeitung meiner Daten zum Zweck der Bearbeitung meiner Anfrage zu.\" \/><span class=\"wpcf7-list-item-label\">Ich habe die Datenschutzerkl\u00e4rung gelesen und stimme der Verarbeitung meiner Daten zum Zweck der Bearbeitung meiner Anfrage zu.<\/span><\/label><\/span><\/span><\/span><br \/>\n<\/label>\n<\/p>\n<p class=\"optero-ds-note\"><br \/>\n<a href=\"https:\/\/optero.at\/?page_id=28\" target=\"_blank\" rel=\"noopener noreferrer\">Datenschutzerkl\u00e4rung ansehen<\/a>\n<\/p>\n<p><input class=\"wpcf7-form-control wpcf7-submit has-spinner\" type=\"submit\" value=\"Nachricht senden\" \/>\n<\/p><p style=\"display: none !important;\" class=\"akismet-fields-container\" data-prefix=\"_wpcf7_ak_\"><label>&#916;<textarea name=\"_wpcf7_ak_hp_textarea\" cols=\"45\" rows=\"8\" maxlength=\"100\"><\/textarea><\/label><input type=\"hidden\" id=\"ak_js_1\" name=\"_wpcf7_ak_js\" value=\"97\"\/><script>document.getElementById( \"ak_js_1\" ).setAttribute( \"value\", ( new Date() ).getTime() );<\/script><\/p><div class=\"wpcf7-response-output\" aria-hidden=\"true\"><\/div>\n<\/form>\n<\/div>\n\n  <\/div>\n\n  <!-- MAP -->\n  <div class=\"optero-map-section\">\n    <h2>Unser Standort<\/h2>\n    <div class=\"optero-contact-line\"><\/div>\n\n    <div class=\"optero-map-frame\">\n      <iframe\n        src=\"https:\/\/maps.google.com\/maps?q=48.21257192977528,16.31404702408125&#038;z=16&#038;output=embed\"\n        width=\"100%\"\n        height=\"100%\"\n        style=\"border:0;\"\n        allowfullscreen=\"\"\n        loading=\"lazy\"\n        referrerpolicy=\"no-referrer-when-downgrade\">\n      <\/iframe>\n    <\/div>\n  <\/div>\n\n<\/section>\n\n<style>\n  .optero-contact-page{\n    width:100%;\n    padding:24px 0 10px;\n  }\n\n  .optero-contact-hero{\n    margin-bottom:30px;\n  }\n\n  .optero-contact-kicker{\n    display:inline-block;\n    margin-bottom:10px;\n    padding:6px 12px;\n    border-radius:999px;\n    background:#f4f6fb;\n    color:#203a78;\n    font-size:14px;\n    font-weight:600;\n    letter-spacing:.02em;\n  }\n\n  .optero-contact-hero h1{\n    margin:0 0 12px;\n    font-size:clamp(30px, 4vw, 52px);\n    line-height:1.12;\n    color:#203a78;\n    font-weight:600;\n    letter-spacing:-0.02em;\n  }\n\n  .optero-contact-hero p{\n    max-width:900px;\n    margin:0;\n    font-size:18px;\n    line-height:1.7;\n    color:#333;\n  }\n\n  .optero-contact-topcards{\n    display:grid;\n    grid-template-columns:1fr 1fr;\n    gap:24px;\n    margin-bottom:28px;\n  }\n\n  .optero-contact-card,\n  .optero-contact-form-box{\n    background:#ffffff;\n    border:1px solid #e6eaf2;\n    border-radius:18px;\n    padding:26px 24px;\n    box-shadow:0 12px 26px rgba(20,31,66,0.05);\n  }\n\n  .optero-contact-card h2,\n  .optero-contact-form-box h2,\n  .optero-map-section h2{\n    margin:0 0 10px;\n    font-size:clamp(24px, 2.2vw, 34px);\n    line-height:1.2;\n    color:#203a78;\n  }\n\n  .optero-contact-line{\n    width:120px;\n    height:2px;\n    background:#203a78;\n    border-radius:99px;\n    margin:0 0 18px;\n  }\n\n  .optero-contact-card p,\n  .optero-contact-form-intro{\n    margin:0 0 16px;\n    font-size:17px;\n    line-height:1.7;\n    color:#333;\n  }\n\n  .optero-contact-card p:last-child{\n    margin-bottom:0;\n  }\n\n  .optero-contact-card a{\n    color:#203a78;\n    text-decoration:none;\n  }\n\n  .optero-contact-card a:hover{\n    text-decoration:underline;\n  }\n\n  .optero-contact-highlight{\n    background:linear-gradient(180deg, #ffffff 0%, #f8f9fc 100%);\n  }\n\n  .optero-contact-form-box{\n    margin-bottom:36px;\n  }\n\n  .optero-map-frame{\n    width:100%;\n    height:420px;\n    overflow:hidden;\n    border-radius:18px;\n    border:1px solid #e6eaf2;\n    box-shadow:0 12px 26px rgba(20,31,66,0.05);\n    background:#f5f6fa;\n  }\n\n  \/* Contact Form 7 *\/\n  .optero-contact-form-box .wpcf7{\n    margin-top:8px;\n  }\n\n  .optero-contact-form-box .wpcf7 form{\n    margin:0;\n  }\n\n  .optero-contact-form-box .wpcf7 label{\n    display:block;\n    margin-bottom:16px;\n    font-size:15px;\n    font-weight:600;\n    color:#203a78;\n    line-height:1.4;\n  }\n\n  .optero-contact-form-box .wpcf7 input[type=\"text\"],\n  .optero-contact-form-box .wpcf7 input[type=\"email\"],\n  .optero-contact-form-box .wpcf7 input[type=\"tel\"],\n  .optero-contact-form-box .wpcf7 select,\n  .optero-contact-form-box .wpcf7 textarea{\n    width:100%;\n    margin-top:8px;\n    padding:13px 14px;\n    border:1px solid #d9dfeb;\n    border-radius:12px;\n    background:#fff;\n    font-size:16px;\n    line-height:1.4;\n    color:#222;\n    box-sizing:border-box;\n    transition:border-color .2s ease, box-shadow .2s ease;\n  }\n\n  .optero-contact-form-box .wpcf7 textarea{\n    min-height:160px;\n    resize:vertical;\n  }\n\n  .optero-contact-form-box .wpcf7 input:focus,\n  .optero-contact-form-box .wpcf7 select:focus,\n  .optero-contact-form-box .wpcf7 textarea:focus{\n    outline:none;\n    border-color:#203a78;\n    box-shadow:0 0 0 3px rgba(32,58,120,0.08);\n  }\n\n  .optero-contact-form-box .wpcf7 .wpcf7-checkbox label{\n    display:flex;\n    align-items:flex-start;\n    gap:10px;\n    margin:0;\n    font-weight:400;\n    color:#333;\n  }\n\n  .optero-contact-form-box .wpcf7 input[type=\"checkbox\"]{\n    margin-top:4px;\n    transform:scale(1.1);\n  }\n\n  .optero-contact-form-box .wpcf7-submit{\n    display:inline-block;\n    margin-top:8px;\n    padding:14px 24px;\n    border:none;\n    border-radius:999px;\n    background:#203a78;\n    color:#fff;\n    font-size:16px;\n    font-weight:600;\n    cursor:pointer;\n    transition:background .25s ease, transform .2s ease;\n  }\n\n  .optero-contact-form-box .wpcf7-submit:hover{\n    background:#162b5d;\n    transform:translateY(-1px);\n  }\n\n  .optero-contact-form-box .wpcf7-response-output{\n    margin:18px 0 0 !important;\n    padding:12px 14px !important;\n    border-radius:12px;\n    font-size:14px;\n  }\n\n  @media (max-width: 900px){\n    .optero-contact-topcards{\n      grid-template-columns:1fr;\n      gap:20px;\n    }\n\n    .optero-map-frame{\n      height:360px;\n    }\n  }\n\n  @media (max-width: 640px){\n    .optero-contact-page{\n      padding-top:8px;\n    }\n\n    .optero-contact-hero p{\n      font-size:17px;\n    }\n\n    .optero-contact-card,\n    .optero-contact-form-box{\n      padding:20px 18px;\n      border-radius:14px;\n    }\n\n    .optero-map-frame{\n      height:300px;\n      border-radius:14px;\n    }\n  }\n<\/style>\n","protected":false},"excerpt":{"rendered":"<p>Kontakt &#038; Beratung Wir freuen uns auf Ihre Anfrage Sie haben Fragen zu unseren Leistungen, Produkten oder m\u00f6chten eine pers\u00f6nliche Beratung vereinbaren? Dann kontaktieren Sie uns direkt oder nutzen Sie unser Formular. Wir melden uns so rasch wie m\u00f6glich bei Ihnen zur\u00fcck. Direkter Kontakt OPTERO Vertriebs- und Bauelemente GmbH Thaliastra\u00dfe 128 A-1160 Wien, \u00d6sterreich Telefon [&hellip;]<\/p>\n","protected":false},"author":2,"featured_media":0,"parent":0,"menu_order":0,"comment_status":"closed","ping_status":"closed","template":"","meta":{"footnotes":""},"class_list":["post-33","page","type-page","status-publish","hentry"],"yoast_head":"<!-- This site is optimized with the Yoast SEO plugin v27.1.1 - https:\/\/yoast.com\/product\/yoast-seo-wordpress\/ -->\n<title>Kontakt@Optero -<\/title>\n<meta name=\"robots\" content=\"index, follow, max-snippet:-1, max-image-preview:large, max-video-preview:-1\" \/>\n<link rel=\"canonical\" href=\"https:\/\/optero.at\/?page_id=33\" \/>\n<meta property=\"og:locale\" content=\"de_DE\" \/>\n<meta property=\"og:type\" content=\"article\" \/>\n<meta property=\"og:title\" content=\"Kontakt@Optero -\" \/>\n<meta property=\"og:description\" content=\"Kontakt &#038; Beratung Wir freuen uns auf Ihre Anfrage Sie haben Fragen zu unseren Leistungen, Produkten oder m\u00f6chten eine pers\u00f6nliche Beratung vereinbaren? Dann kontaktieren Sie uns direkt oder nutzen Sie unser Formular. Wir melden uns so rasch wie m\u00f6glich bei Ihnen zur\u00fcck. Direkter Kontakt OPTERO Vertriebs- und Bauelemente GmbH Thaliastra\u00dfe 128 A-1160 Wien, \u00d6sterreich Telefon [&hellip;]\" \/>\n<meta property=\"og:url\" content=\"https:\/\/optero.at\/?page_id=33\" \/>\n<meta property=\"article:modified_time\" content=\"2026-03-17T12:46:20+00:00\" \/>\n<meta name=\"twitter:card\" content=\"summary_large_image\" \/>\n<meta name=\"twitter:label1\" content=\"Gesch\u00e4tzte Lesezeit\" \/>\n\t<meta name=\"twitter:data1\" content=\"1\u00a0Minute\" \/>\n<script type=\"application\/ld+json\" class=\"yoast-schema-graph\">{\"@context\":\"https:\/\/schema.org\",\"@graph\":[{\"@type\":\"WebPage\",\"@id\":\"https:\/\/optero.at\/?page_id=33\",\"url\":\"https:\/\/optero.at\/?page_id=33\",\"name\":\"Kontakt@Optero -\",\"isPartOf\":{\"@id\":\"https:\/\/optero.at\/#website\"},\"datePublished\":\"2026-03-15T17:39:52+00:00\",\"dateModified\":\"2026-03-17T12:46:20+00:00\",\"breadcrumb\":{\"@id\":\"https:\/\/optero.at\/?page_id=33#breadcrumb\"},\"inLanguage\":\"de\",\"potentialAction\":[{\"@type\":\"ReadAction\",\"target\":[\"https:\/\/optero.at\/?page_id=33\"]}]},{\"@type\":\"BreadcrumbList\",\"@id\":\"https:\/\/optero.at\/?page_id=33#breadcrumb\",\"itemListElement\":[{\"@type\":\"ListItem\",\"position\":1,\"name\":\"Start\",\"item\":\"https:\/\/optero.at\/\"},{\"@type\":\"ListItem\",\"position\":2,\"name\":\"Kontakt@Optero\"}]},{\"@type\":\"WebSite\",\"@id\":\"https:\/\/optero.at\/#website\",\"url\":\"https:\/\/optero.at\/\",\"name\":\"\",\"description\":\"Optero Fenster T\u00fcren und Sonnenschutz KG Thaliastr. 128, A-1160 Wien, \u00d6sterreich\",\"potentialAction\":[{\"@type\":\"SearchAction\",\"target\":{\"@type\":\"EntryPoint\",\"urlTemplate\":\"https:\/\/optero.at\/?s={search_term_string}\"},\"query-input\":{\"@type\":\"PropertyValueSpecification\",\"valueRequired\":true,\"valueName\":\"search_term_string\"}}],\"inLanguage\":\"de\"}]}<\/script>\n<!-- \/ Yoast SEO plugin. -->","yoast_head_json":{"title":"Kontakt@Optero -","robots":{"index":"index","follow":"follow","max-snippet":"max-snippet:-1","max-image-preview":"max-image-preview:large","max-video-preview":"max-video-preview:-1"},"canonical":"https:\/\/optero.at\/?page_id=33","og_locale":"de_DE","og_type":"article","og_title":"Kontakt@Optero -","og_description":"Kontakt &#038; Beratung Wir freuen uns auf Ihre Anfrage Sie haben Fragen zu unseren Leistungen, Produkten oder m\u00f6chten eine pers\u00f6nliche Beratung vereinbaren? Dann kontaktieren Sie uns direkt oder nutzen Sie unser Formular. Wir melden uns so rasch wie m\u00f6glich bei Ihnen zur\u00fcck. Direkter Kontakt OPTERO Vertriebs- und Bauelemente GmbH Thaliastra\u00dfe 128 A-1160 Wien, \u00d6sterreich Telefon [&hellip;]","og_url":"https:\/\/optero.at\/?page_id=33","article_modified_time":"2026-03-17T12:46:20+00:00","twitter_card":"summary_large_image","twitter_misc":{"Gesch\u00e4tzte Lesezeit":"1\u00a0Minute"},"schema":{"@context":"https:\/\/schema.org","@graph":[{"@type":"WebPage","@id":"https:\/\/optero.at\/?page_id=33","url":"https:\/\/optero.at\/?page_id=33","name":"Kontakt@Optero -","isPartOf":{"@id":"https:\/\/optero.at\/#website"},"datePublished":"2026-03-15T17:39:52+00:00","dateModified":"2026-03-17T12:46:20+00:00","breadcrumb":{"@id":"https:\/\/optero.at\/?page_id=33#breadcrumb"},"inLanguage":"de","potentialAction":[{"@type":"ReadAction","target":["https:\/\/optero.at\/?page_id=33"]}]},{"@type":"BreadcrumbList","@id":"https:\/\/optero.at\/?page_id=33#breadcrumb","itemListElement":[{"@type":"ListItem","position":1,"name":"Start","item":"https:\/\/optero.at\/"},{"@type":"ListItem","position":2,"name":"Kontakt@Optero"}]},{"@type":"WebSite","@id":"https:\/\/optero.at\/#website","url":"https:\/\/optero.at\/","name":"","description":"Optero Fenster T\u00fcren und Sonnenschutz KG Thaliastr. 128, A-1160 Wien, \u00d6sterreich","potentialAction":[{"@type":"SearchAction","target":{"@type":"EntryPoint","urlTemplate":"https:\/\/optero.at\/?s={search_term_string}"},"query-input":{"@type":"PropertyValueSpecification","valueRequired":true,"valueName":"search_term_string"}}],"inLanguage":"de"}]}},"_links":{"self":[{"href":"https:\/\/optero.at\/index.php?rest_route=\/wp\/v2\/pages\/33","targetHints":{"allow":["GET"]}}],"collection":[{"href":"https:\/\/optero.at\/index.php?rest_route=\/wp\/v2\/pages"}],"about":[{"href":"https:\/\/optero.at\/index.php?rest_route=\/wp\/v2\/types\/page"}],"author":[{"embeddable":true,"href":"https:\/\/optero.at\/index.php?rest_route=\/wp\/v2\/users\/2"}],"replies":[{"embeddable":true,"href":"https:\/\/optero.at\/index.php?rest_route=%2Fwp%2Fv2%2Fcomments&post=33"}],"version-history":[{"count":4,"href":"https:\/\/optero.at\/index.php?rest_route=\/wp\/v2\/pages\/33\/revisions"}],"predecessor-version":[{"id":86,"href":"https:\/\/optero.at\/index.php?rest_route=\/wp\/v2\/pages\/33\/revisions\/86"}],"wp:attachment":[{"href":"https:\/\/optero.at\/index.php?rest_route=%2Fwp%2Fv2%2Fmedia&parent=33"}],"curies":[{"name":"wp","href":"https:\/\/api.w.org\/{rel}","templated":true}]}}