{"id":30,"date":"2026-03-15T17:24:20","date_gmt":"2026-03-15T17:24:20","guid":{"rendered":"https:\/\/optero.at\/?page_id=30"},"modified":"2026-03-17T12:39:36","modified_gmt":"2026-03-17T12:39:36","slug":"impressum","status":"publish","type":"page","link":"https:\/\/optero.at\/?page_id=30","title":{"rendered":"Impressum"},"content":{"rendered":"\n<section class=\"optero-legal-wrap\">\n  <div class=\"optero-legal-container\">\n\n    <div class=\"optero-line optero-line-blue\"><\/div>\n\n    <h2>Impressum<\/h2>\n\n    <!-- Unternehmensdaten -->\n    <div class=\"optero-legal-block\">\n      <h3>Unternehmensangaben<\/h3>\n      <p>\n        <strong>OPTERO Vertriebs- und Bauelemente GmbH<\/strong><br>\n        Thaliastra\u00dfe 128<br>\n        A-1160 Wien, \u00d6sterreich\n      <\/p>\n\n      <p>\n        <strong>Gesch\u00e4ftsf\u00fchrer:<\/strong> Zlatko Bogdanovic\n      <\/p>\n    <\/div>\n\n    <!-- Kontakt -->\n    <div class=\"optero-legal-block\">\n      <h3>Kontakt<\/h3>\n      <p>\n        Tel.: <a href=\"tel:+4314855968\">+43 1 485 59 68<\/a><br>\n        E-Mail: <a href=\"mailto:office@optero.at\">office@optero.at<\/a><br>\n        Web: <a href=\"https:\/\/www.optero.at\" target=\"_blank\" rel=\"noopener noreferrer\">www.optero.at<\/a>\n      <\/p>\n    <\/div>\n\n    <!-- Rechtliche Angaben -->\n    <div class=\"optero-legal-block\">\n      <h3>Firmenbuch &#038; Rechtliches<\/h3>\n      <ul>\n        <li>Firmenbuchnummer: FN 223213f<\/li>\n        <li>Firmenbuchgericht: Handelsgericht Wien<\/li>\n        <li>Sitz: Wien<\/li>\n        <li>UID-Nummer: ATU 54753707<\/li>\n        <li>Rechtsform: Gesellschaft mit beschr\u00e4nkter Haftung (GmbH)<\/li>\n      <\/ul>\n    <\/div>\n\n    <!-- Beh\u00f6rden -->\n    <div class=\"optero-legal-block\">\n      <h3>Beh\u00f6rden &#038; Kammer<\/h3>\n      <ul>\n        <li>Mitglied der Wirtschaftskammer Wien<\/li>\n        <li>Aufsichtsbeh\u00f6rde: Magistratisches Bezirksamt f\u00fcr den 16. Bezirk<\/li>\n        <li>Gewerbeordnung: www.ris.bka.gv.at<\/li>\n      <\/ul>\n    <\/div>\n\n    <!-- Technik -->\n    <div class=\"optero-legal-block\">\n      <h3>Technische Umsetzung<\/h3>\n      <p>\n        Konzeption, Design und technische Umsetzung durch<br>\n        <a href=\"https:\/\/www.petrovic.at\" target=\"_blank\" rel=\"noopener noreferrer\">\n          www.petrovic.at\n        <\/a>\n      <\/p>\n    <\/div>\n\n    <!-- Streitbeilegung -->\n    <div class=\"optero-legal-block\">\n      <h3>Online-Streitbeilegung<\/h3>\n      <p>\n        Verbraucher haben die M\u00f6glichkeit, Beschwerden an die Online-Streitbeilegungsplattform der EU zu richten:\n      <\/p>\n\n      <p>\n        <a href=\"https:\/\/ec.europa.eu\/consumers\/odr\/\" target=\"_blank\" rel=\"noopener noreferrer\">\n          https:\/\/ec.europa.eu\/consumers\/odr\/\n        <\/a>\n      <\/p>\n\n      <p>\n        Wir sind nicht verpflichtet und nicht bereit, an einem Streitbeilegungsverfahren vor einer Verbraucherschlichtungsstelle teilzunehmen.\n      <\/p>\n    <\/div>\n\n  <\/div>\n<\/section>\n","protected":false},"excerpt":{"rendered":"<p>Impressum Unternehmensangaben OPTERO Vertriebs- und Bauelemente GmbH Thaliastra\u00dfe 128 A-1160 Wien, \u00d6sterreich Gesch\u00e4ftsf\u00fchrer: Zlatko Bogdanovic Kontakt Tel.: +43 1 485 59 68 E-Mail: office@optero.at Web: www.optero.at Firmenbuch &#038; Rechtliches Firmenbuchnummer: FN 223213f Firmenbuchgericht: Handelsgericht Wien Sitz: Wien UID-Nummer: ATU 54753707 Rechtsform: Gesellschaft mit beschr\u00e4nkter Haftung (GmbH) Beh\u00f6rden &#038; Kammer Mitglied der Wirtschaftskammer Wien Aufsichtsbeh\u00f6rde: Magistratisches [&hellip;]<\/p>\n","protected":false},"author":2,"featured_media":0,"parent":0,"menu_order":0,"comment_status":"closed","ping_status":"closed","template":"","meta":{"footnotes":""},"class_list":["post-30","page","type-page","status-publish","hentry"],"yoast_head":"<!-- This site is optimized with the Yoast SEO plugin v27.1.1 - https:\/\/yoast.com\/product\/yoast-seo-wordpress\/ -->\n<title>Impressum -<\/title>\n<meta name=\"robots\" content=\"index, follow, max-snippet:-1, max-image-preview:large, max-video-preview:-1\" \/>\n<link rel=\"canonical\" href=\"https:\/\/optero.at\/?page_id=30\" \/>\n<meta property=\"og:locale\" content=\"de_DE\" \/>\n<meta property=\"og:type\" content=\"article\" \/>\n<meta property=\"og:title\" content=\"Impressum -\" \/>\n<meta property=\"og:description\" content=\"Impressum Unternehmensangaben OPTERO Vertriebs- und Bauelemente GmbH Thaliastra\u00dfe 128 A-1160 Wien, \u00d6sterreich Gesch\u00e4ftsf\u00fchrer: Zlatko Bogdanovic Kontakt Tel.: +43 1 485 59 68 E-Mail: office@optero.at Web: www.optero.at Firmenbuch &#038; Rechtliches Firmenbuchnummer: FN 223213f Firmenbuchgericht: Handelsgericht Wien Sitz: Wien UID-Nummer: ATU 54753707 Rechtsform: Gesellschaft mit beschr\u00e4nkter Haftung (GmbH) Beh\u00f6rden &#038; Kammer Mitglied der Wirtschaftskammer Wien Aufsichtsbeh\u00f6rde: Magistratisches [&hellip;]\" \/>\n<meta property=\"og:url\" content=\"https:\/\/optero.at\/?page_id=30\" \/>\n<meta property=\"article:modified_time\" content=\"2026-03-17T12:39:36+00:00\" \/>\n<meta name=\"twitter:card\" content=\"summary_large_image\" \/>\n<meta name=\"twitter:label1\" content=\"Gesch\u00e4tzte Lesezeit\" \/>\n\t<meta name=\"twitter:data1\" content=\"1\u00a0Minute\" \/>\n<script type=\"application\/ld+json\" class=\"yoast-schema-graph\">{\"@context\":\"https:\/\/schema.org\",\"@graph\":[{\"@type\":\"WebPage\",\"@id\":\"https:\/\/optero.at\/?page_id=30\",\"url\":\"https:\/\/optero.at\/?page_id=30\",\"name\":\"Impressum -\",\"isPartOf\":{\"@id\":\"https:\/\/optero.at\/#website\"},\"datePublished\":\"2026-03-15T17:24:20+00:00\",\"dateModified\":\"2026-03-17T12:39:36+00:00\",\"breadcrumb\":{\"@id\":\"https:\/\/optero.at\/?page_id=30#breadcrumb\"},\"inLanguage\":\"de\",\"potentialAction\":[{\"@type\":\"ReadAction\",\"target\":[\"https:\/\/optero.at\/?page_id=30\"]}]},{\"@type\":\"BreadcrumbList\",\"@id\":\"https:\/\/optero.at\/?page_id=30#breadcrumb\",\"itemListElement\":[{\"@type\":\"ListItem\",\"position\":1,\"name\":\"Start\",\"item\":\"https:\/\/optero.at\/\"},{\"@type\":\"ListItem\",\"position\":2,\"name\":\"Impressum\"}]},{\"@type\":\"WebSite\",\"@id\":\"https:\/\/optero.at\/#website\",\"url\":\"https:\/\/optero.at\/\",\"name\":\"\",\"description\":\"Optero Fenster T\u00fcren und Sonnenschutz KG Thaliastr. 128, A-1160 Wien, \u00d6sterreich\",\"potentialAction\":[{\"@type\":\"SearchAction\",\"target\":{\"@type\":\"EntryPoint\",\"urlTemplate\":\"https:\/\/optero.at\/?s={search_term_string}\"},\"query-input\":{\"@type\":\"PropertyValueSpecification\",\"valueRequired\":true,\"valueName\":\"search_term_string\"}}],\"inLanguage\":\"de\"}]}<\/script>\n<!-- \/ Yoast SEO plugin. -->","yoast_head_json":{"title":"Impressum -","robots":{"index":"index","follow":"follow","max-snippet":"max-snippet:-1","max-image-preview":"max-image-preview:large","max-video-preview":"max-video-preview:-1"},"canonical":"https:\/\/optero.at\/?page_id=30","og_locale":"de_DE","og_type":"article","og_title":"Impressum -","og_description":"Impressum Unternehmensangaben OPTERO Vertriebs- und Bauelemente GmbH Thaliastra\u00dfe 128 A-1160 Wien, \u00d6sterreich Gesch\u00e4ftsf\u00fchrer: Zlatko Bogdanovic Kontakt Tel.: +43 1 485 59 68 E-Mail: office@optero.at Web: www.optero.at Firmenbuch &#038; Rechtliches Firmenbuchnummer: FN 223213f Firmenbuchgericht: Handelsgericht Wien Sitz: Wien UID-Nummer: ATU 54753707 Rechtsform: Gesellschaft mit beschr\u00e4nkter Haftung (GmbH) Beh\u00f6rden &#038; Kammer Mitglied der Wirtschaftskammer Wien Aufsichtsbeh\u00f6rde: Magistratisches [&hellip;]","og_url":"https:\/\/optero.at\/?page_id=30","article_modified_time":"2026-03-17T12:39:36+00:00","twitter_card":"summary_large_image","twitter_misc":{"Gesch\u00e4tzte Lesezeit":"1\u00a0Minute"},"schema":{"@context":"https:\/\/schema.org","@graph":[{"@type":"WebPage","@id":"https:\/\/optero.at\/?page_id=30","url":"https:\/\/optero.at\/?page_id=30","name":"Impressum -","isPartOf":{"@id":"https:\/\/optero.at\/#website"},"datePublished":"2026-03-15T17:24:20+00:00","dateModified":"2026-03-17T12:39:36+00:00","breadcrumb":{"@id":"https:\/\/optero.at\/?page_id=30#breadcrumb"},"inLanguage":"de","potentialAction":[{"@type":"ReadAction","target":["https:\/\/optero.at\/?page_id=30"]}]},{"@type":"BreadcrumbList","@id":"https:\/\/optero.at\/?page_id=30#breadcrumb","itemListElement":[{"@type":"ListItem","position":1,"name":"Start","item":"https:\/\/optero.at\/"},{"@type":"ListItem","position":2,"name":"Impressum"}]},{"@type":"WebSite","@id":"https:\/\/optero.at\/#website","url":"https:\/\/optero.at\/","name":"","description":"Optero Fenster T\u00fcren und Sonnenschutz KG Thaliastr. 128, A-1160 Wien, \u00d6sterreich","potentialAction":[{"@type":"SearchAction","target":{"@type":"EntryPoint","urlTemplate":"https:\/\/optero.at\/?s={search_term_string}"},"query-input":{"@type":"PropertyValueSpecification","valueRequired":true,"valueName":"search_term_string"}}],"inLanguage":"de"}]}},"_links":{"self":[{"href":"https:\/\/optero.at\/index.php?rest_route=\/wp\/v2\/pages\/30","targetHints":{"allow":["GET"]}}],"collection":[{"href":"https:\/\/optero.at\/index.php?rest_route=\/wp\/v2\/pages"}],"about":[{"href":"https:\/\/optero.at\/index.php?rest_route=\/wp\/v2\/types\/page"}],"author":[{"embeddable":true,"href":"https:\/\/optero.at\/index.php?rest_route=\/wp\/v2\/users\/2"}],"replies":[{"embeddable":true,"href":"https:\/\/optero.at\/index.php?rest_route=%2Fwp%2Fv2%2Fcomments&post=30"}],"version-history":[{"count":2,"href":"https:\/\/optero.at\/index.php?rest_route=\/wp\/v2\/pages\/30\/revisions"}],"predecessor-version":[{"id":85,"href":"https:\/\/optero.at\/index.php?rest_route=\/wp\/v2\/pages\/30\/revisions\/85"}],"wp:attachment":[{"href":"https:\/\/optero.at\/index.php?rest_route=%2Fwp%2Fv2%2Fmedia&parent=30"}],"curies":[{"name":"wp","href":"https:\/\/api.w.org\/{rel}","templated":true}]}}