{"id":28,"date":"2026-03-15T17:15:10","date_gmt":"2026-03-15T17:15:10","guid":{"rendered":"https:\/\/optero.at\/?page_id=28"},"modified":"2026-03-17T12:48:57","modified_gmt":"2026-03-17T12:48:57","slug":"datenschutz","status":"publish","type":"page","link":"https:\/\/optero.at\/?page_id=28","title":{"rendered":"Datenschutz"},"content":{"rendered":"\n<section class=\"optero-legal-wrap\">\n\n  <div class=\"optero-legal-container\">\n\n    <h1>Datenschutzerkl\u00e4rung<\/h1>\n    <div class=\"optero-line optero-line-blue\"><\/div>\n\n    <p>\n      Der Schutz Ihrer pers\u00f6nlichen Daten ist uns ein besonderes Anliegen. Wir verarbeiten Ihre Daten ausschlie\u00dflich auf Grundlage der gesetzlichen Bestimmungen (DSGVO, TKG 2003).\n      In dieser Datenschutzerkl\u00e4rung informieren wir Sie \u00fcber die wichtigsten Aspekte der Datenverarbeitung im Rahmen unserer Website.\n    <\/p>\n\n    <!-- Verantwortlicher -->\n    <div class=\"optero-legal-block\">\n      <h2>Verantwortlicher<\/h2>\n      <p>\n        <strong>OPTERO Vertriebs- und Bauelemente GmbH<\/strong><br>\n        Thaliastra\u00dfe 128<br>\n        A-1160 Wien, \u00d6sterreich<br>\n        E-Mail: <a href=\"mailto:office@optero.at\">office@optero.at<\/a><br>\n        Tel.: <a href=\"tel:+4314855968\">+43 1 485 59 68<\/a>\n      <\/p>\n    <\/div>\n\n    <!-- Kontakt -->\n    <div class=\"optero-legal-block\">\n      <h2>Kontakt mit uns<\/h2>\n      <p>\n        Wenn Sie per Formular auf der Website oder per E-Mail Kontakt mit uns aufnehmen, werden Ihre angegebenen Daten\n        zwecks Bearbeitung der Anfrage und f\u00fcr den Fall von Anschlussfragen f\u00fcr die Dauer von sechs Monaten gespeichert.\n        Diese Daten geben wir nicht ohne Ihre Einwilligung weiter.\n      <\/p>\n    <\/div>\n\n    <!-- Server Logs -->\n    <div class=\"optero-legal-block\">\n      <h2>Server-Logfiles<\/h2>\n      <p>\n        Der Provider der Seiten erhebt und speichert automatisch Informationen in sogenannten Server-Logfiles,\n        die Ihr Browser automatisch an uns \u00fcbermittelt. Dies sind insbesondere:\n      <\/p>\n\n      <ul>\n        <li>Browsertyp und Browserversion<\/li>\n        <li>Verwendetes Betriebssystem<\/li>\n        <li>Referrer URL<\/li>\n        <li>Hostname des zugreifenden Rechners<\/li>\n        <li>Uhrzeit der Serveranfrage<\/li>\n        <li>IP-Adresse<\/li>\n      <\/ul>\n\n      <p>\n        Diese Daten sind nicht bestimmten Personen zuordenbar. Eine Zusammenf\u00fchrung dieser Daten mit anderen Datenquellen wird nicht vorgenommen.\n      <\/p>\n    <\/div>\n\n    <!-- Cookies -->\n    <div class=\"optero-legal-block\">\n      <h2>Cookies<\/h2>\n\n      <p>\n        Unsere Website verwendet sogenannte Cookies. Dabei handelt es sich um kleine Textdateien, die mit Hilfe des Browsers\n        auf Ihrem Endger\u00e4t abgelegt werden. Sie richten keinen Schaden an.\n      <\/p>\n\n      <p>\n        Wir nutzen Cookies dazu, unser Angebot nutzerfreundlich zu gestalten. Einige Cookies bleiben auf Ihrem Endger\u00e4t gespeichert,\n        bis Sie diese l\u00f6schen. Sie erm\u00f6glichen es uns, Ihren Browser beim n\u00e4chsten Besuch wiederzuerkennen.\n      <\/p>\n\n      <p>\n        Wenn Sie dies nicht w\u00fcnschen, k\u00f6nnen Sie Ihren Browser so einrichten, dass er Sie \u00fcber das Setzen von Cookies informiert\n        und Sie dies nur im Einzelfall erlauben.\n      <\/p>\n    <\/div>\n\n    <!-- Google Analytics -->\n    <div class=\"optero-legal-block\">\n      <h2>Webanalyse (Google Analytics)<\/h2>\n\n      <p>\n        Diese Website nutzt Funktionen des Webanalysedienstes Google Analytics.\n        Anbieter ist Google Ireland Limited, Gordon House, Barrow Street, Dublin 4, Irland.\n      <\/p>\n\n      <p>\n        Google Analytics verwendet Cookies, die eine Analyse der Benutzung der Website erm\u00f6glichen.\n        Die dadurch erzeugten Informationen werden in der Regel an Server von Google \u00fcbertragen und dort gespeichert.\n      <\/p>\n\n      <p>\n        Wir haben auf dieser Website die IP-Anonymisierung aktiviert.\n        Dadurch wird Ihre IP-Adresse von Google innerhalb der Europ\u00e4ischen Union oder in anderen Vertragsstaaten\n        des Abkommens \u00fcber den Europ\u00e4ischen Wirtschaftsraum zuvor gek\u00fcrzt.\n      <\/p>\n    <\/div>\n\n    <!-- Plugins -->\n    <div class=\"optero-legal-block\">\n      <h2>Verwendete Plugins<\/h2>\n\n      <p>Auf unserer Website werden unter anderem folgende Plugins eingesetzt:<\/p>\n\n      <ul>\n        <li>Yoast SEO \u2013 zur Suchmaschinenoptimierung<\/li>\n        <li>WP Fastest Cache \u2013 zur Performance-Optimierung<\/li>\n        <li>Wordfence Security \u2013 zur Sicherung der Website<\/li>\n      <\/ul>\n\n      <p>\n        Diese Plugins k\u00f6nnen technische Daten (z. B. IP-Adresse oder Systeminformationen) verarbeiten,\n        soweit dies f\u00fcr die Funktionalit\u00e4t und Sicherheit der Website erforderlich ist.\n      <\/p>\n    <\/div>\n\n    <!-- Medien -->\n    <div class=\"optero-legal-block\">\n      <h2>Bilder und Medien<\/h2>\n\n      <p>\n        Die auf dieser Website verwendeten Bilder stammen entweder aus eigenem Material der\n        OPTERO Vertriebs- und Bauelemente GmbH oder aus frei verf\u00fcgbaren Bilddatenbanken (z. B. Pixabay).\n      <\/p>\n    <\/div>\n\n    <!-- Rechte -->\n    <div class=\"optero-legal-block\">\n      <h2>Ihre Rechte<\/h2>\n\n      <p>\n        Ihnen stehen grunds\u00e4tzlich die Rechte auf Auskunft, Berichtigung, L\u00f6schung, Einschr\u00e4nkung,\n        Daten\u00fcbertragbarkeit, Widerruf und Widerspruch zu.\n      <\/p>\n\n      <p>\n        Wenn Sie glauben, dass die Verarbeitung Ihrer Daten gegen das Datenschutzrecht verst\u00f6\u00dft oder Ihre\n        datenschutzrechtlichen Anspr\u00fcche sonst in einer Weise verletzt worden sind, k\u00f6nnen Sie sich bei der\n        Aufsichtsbeh\u00f6rde beschweren.\n      <\/p>\n\n      <p>\n        In \u00d6sterreich ist dies die Datenschutzbeh\u00f6rde.\n      <\/p>\n    <\/div>\n\n    <!-- Kontakt -->\n    <div class=\"optero-legal-block\">\n      <h2>Kontakt<\/h2>\n\n      <p>\n        Wenn Sie Fragen zum Datenschutz haben, k\u00f6nnen Sie uns jederzeit kontaktieren:\n      <\/p>\n\n      <p>\n        <strong>OPTERO Vertriebs- und Bauelemente GmbH<\/strong><br>\n        Thaliastra\u00dfe 128<br>\n        A-1160 Wien<br>\n        E-Mail: <a href=\"mailto:office@optero.at\">office@optero.at<\/a>\n      <\/p>\n    <\/div>\n\n  <\/div>\n\n<\/section>\n","protected":false},"excerpt":{"rendered":"<p>Datenschutzerkl\u00e4rung Der Schutz Ihrer pers\u00f6nlichen Daten ist uns ein besonderes Anliegen. Wir verarbeiten Ihre Daten ausschlie\u00dflich auf Grundlage der gesetzlichen Bestimmungen (DSGVO, TKG 2003). In dieser Datenschutzerkl\u00e4rung informieren wir Sie \u00fcber die wichtigsten Aspekte der Datenverarbeitung im Rahmen unserer Website. Verantwortlicher OPTERO Vertriebs- und Bauelemente GmbH Thaliastra\u00dfe 128 A-1160 Wien, \u00d6sterreich E-Mail: office@optero.at Tel.: +43 [&hellip;]<\/p>\n","protected":false},"author":2,"featured_media":0,"parent":0,"menu_order":0,"comment_status":"closed","ping_status":"closed","template":"","meta":{"footnotes":""},"class_list":["post-28","page","type-page","status-publish","hentry"],"yoast_head":"<!-- This site is optimized with the Yoast SEO plugin v27.1.1 - https:\/\/yoast.com\/product\/yoast-seo-wordpress\/ -->\n<title>Datenschutz -<\/title>\n<meta name=\"robots\" content=\"index, follow, max-snippet:-1, max-image-preview:large, max-video-preview:-1\" \/>\n<link rel=\"canonical\" href=\"https:\/\/optero.at\/?page_id=28\" \/>\n<meta property=\"og:locale\" content=\"de_DE\" \/>\n<meta property=\"og:type\" content=\"article\" \/>\n<meta property=\"og:title\" content=\"Datenschutz -\" \/>\n<meta property=\"og:description\" content=\"Datenschutzerkl\u00e4rung Der Schutz Ihrer pers\u00f6nlichen Daten ist uns ein besonderes Anliegen. Wir verarbeiten Ihre Daten ausschlie\u00dflich auf Grundlage der gesetzlichen Bestimmungen (DSGVO, TKG 2003). In dieser Datenschutzerkl\u00e4rung informieren wir Sie \u00fcber die wichtigsten Aspekte der Datenverarbeitung im Rahmen unserer Website. Verantwortlicher OPTERO Vertriebs- und Bauelemente GmbH Thaliastra\u00dfe 128 A-1160 Wien, \u00d6sterreich E-Mail: office@optero.at Tel.: +43 [&hellip;]\" \/>\n<meta property=\"og:url\" content=\"https:\/\/optero.at\/?page_id=28\" \/>\n<meta property=\"article:modified_time\" content=\"2026-03-17T12:48:57+00:00\" \/>\n<meta name=\"twitter:card\" content=\"summary_large_image\" \/>\n<meta name=\"twitter:label1\" content=\"Gesch\u00e4tzte Lesezeit\" \/>\n\t<meta name=\"twitter:data1\" content=\"3\u00a0Minuten\" \/>\n<script type=\"application\/ld+json\" class=\"yoast-schema-graph\">{\"@context\":\"https:\/\/schema.org\",\"@graph\":[{\"@type\":\"WebPage\",\"@id\":\"https:\/\/optero.at\/?page_id=28\",\"url\":\"https:\/\/optero.at\/?page_id=28\",\"name\":\"Datenschutz -\",\"isPartOf\":{\"@id\":\"https:\/\/optero.at\/#website\"},\"datePublished\":\"2026-03-15T17:15:10+00:00\",\"dateModified\":\"2026-03-17T12:48:57+00:00\",\"breadcrumb\":{\"@id\":\"https:\/\/optero.at\/?page_id=28#breadcrumb\"},\"inLanguage\":\"de\",\"potentialAction\":[{\"@type\":\"ReadAction\",\"target\":[\"https:\/\/optero.at\/?page_id=28\"]}]},{\"@type\":\"BreadcrumbList\",\"@id\":\"https:\/\/optero.at\/?page_id=28#breadcrumb\",\"itemListElement\":[{\"@type\":\"ListItem\",\"position\":1,\"name\":\"Start\",\"item\":\"https:\/\/optero.at\/\"},{\"@type\":\"ListItem\",\"position\":2,\"name\":\"Datenschutz\"}]},{\"@type\":\"WebSite\",\"@id\":\"https:\/\/optero.at\/#website\",\"url\":\"https:\/\/optero.at\/\",\"name\":\"\",\"description\":\"Optero Fenster T\u00fcren und Sonnenschutz KG Thaliastr. 128, A-1160 Wien, \u00d6sterreich\",\"potentialAction\":[{\"@type\":\"SearchAction\",\"target\":{\"@type\":\"EntryPoint\",\"urlTemplate\":\"https:\/\/optero.at\/?s={search_term_string}\"},\"query-input\":{\"@type\":\"PropertyValueSpecification\",\"valueRequired\":true,\"valueName\":\"search_term_string\"}}],\"inLanguage\":\"de\"}]}<\/script>\n<!-- \/ Yoast SEO plugin. -->","yoast_head_json":{"title":"Datenschutz -","robots":{"index":"index","follow":"follow","max-snippet":"max-snippet:-1","max-image-preview":"max-image-preview:large","max-video-preview":"max-video-preview:-1"},"canonical":"https:\/\/optero.at\/?page_id=28","og_locale":"de_DE","og_type":"article","og_title":"Datenschutz -","og_description":"Datenschutzerkl\u00e4rung Der Schutz Ihrer pers\u00f6nlichen Daten ist uns ein besonderes Anliegen. Wir verarbeiten Ihre Daten ausschlie\u00dflich auf Grundlage der gesetzlichen Bestimmungen (DSGVO, TKG 2003). In dieser Datenschutzerkl\u00e4rung informieren wir Sie \u00fcber die wichtigsten Aspekte der Datenverarbeitung im Rahmen unserer Website. Verantwortlicher OPTERO Vertriebs- und Bauelemente GmbH Thaliastra\u00dfe 128 A-1160 Wien, \u00d6sterreich E-Mail: office@optero.at Tel.: +43 [&hellip;]","og_url":"https:\/\/optero.at\/?page_id=28","article_modified_time":"2026-03-17T12:48:57+00:00","twitter_card":"summary_large_image","twitter_misc":{"Gesch\u00e4tzte Lesezeit":"3\u00a0Minuten"},"schema":{"@context":"https:\/\/schema.org","@graph":[{"@type":"WebPage","@id":"https:\/\/optero.at\/?page_id=28","url":"https:\/\/optero.at\/?page_id=28","name":"Datenschutz -","isPartOf":{"@id":"https:\/\/optero.at\/#website"},"datePublished":"2026-03-15T17:15:10+00:00","dateModified":"2026-03-17T12:48:57+00:00","breadcrumb":{"@id":"https:\/\/optero.at\/?page_id=28#breadcrumb"},"inLanguage":"de","potentialAction":[{"@type":"ReadAction","target":["https:\/\/optero.at\/?page_id=28"]}]},{"@type":"BreadcrumbList","@id":"https:\/\/optero.at\/?page_id=28#breadcrumb","itemListElement":[{"@type":"ListItem","position":1,"name":"Start","item":"https:\/\/optero.at\/"},{"@type":"ListItem","position":2,"name":"Datenschutz"}]},{"@type":"WebSite","@id":"https:\/\/optero.at\/#website","url":"https:\/\/optero.at\/","name":"","description":"Optero Fenster T\u00fcren und Sonnenschutz KG Thaliastr. 128, A-1160 Wien, \u00d6sterreich","potentialAction":[{"@type":"SearchAction","target":{"@type":"EntryPoint","urlTemplate":"https:\/\/optero.at\/?s={search_term_string}"},"query-input":{"@type":"PropertyValueSpecification","valueRequired":true,"valueName":"search_term_string"}}],"inLanguage":"de"}]}},"_links":{"self":[{"href":"https:\/\/optero.at\/index.php?rest_route=\/wp\/v2\/pages\/28","targetHints":{"allow":["GET"]}}],"collection":[{"href":"https:\/\/optero.at\/index.php?rest_route=\/wp\/v2\/pages"}],"about":[{"href":"https:\/\/optero.at\/index.php?rest_route=\/wp\/v2\/types\/page"}],"author":[{"embeddable":true,"href":"https:\/\/optero.at\/index.php?rest_route=\/wp\/v2\/users\/2"}],"replies":[{"embeddable":true,"href":"https:\/\/optero.at\/index.php?rest_route=%2Fwp%2Fv2%2Fcomments&post=28"}],"version-history":[{"count":2,"href":"https:\/\/optero.at\/index.php?rest_route=\/wp\/v2\/pages\/28\/revisions"}],"predecessor-version":[{"id":87,"href":"https:\/\/optero.at\/index.php?rest_route=\/wp\/v2\/pages\/28\/revisions\/87"}],"wp:attachment":[{"href":"https:\/\/optero.at\/index.php?rest_route=%2Fwp%2Fv2%2Fmedia&parent=28"}],"curies":[{"name":"wp","href":"https:\/\/api.w.org\/{rel}","templated":true}]}}